{"id":789,"date":"2025-03-04T16:46:13","date_gmt":"2025-03-04T16:46:13","guid":{"rendered":"https:\/\/a-art.es\/?page_id=789"},"modified":"2025-03-04T16:53:26","modified_gmt":"2025-03-04T16:53:26","slug":"declaracion-de-accesibilidad","status":"publish","type":"page","link":"https:\/\/a-art.es\/en\/declaracion-de-accesibilidad\/","title":{"rendered":"Accessibility Statement"},"content":{"rendered":"<div data-elementor-type=\"wp-page\" data-elementor-id=\"789\" class=\"elementor elementor-789\" data-elementor-post-type=\"page\">\n\t\t\t\t<div data-particle_enable=\"false\" data-particle-mobile-disabled=\"false\" class=\"elementor-element elementor-element-7dbe756 e-flex e-con-boxed e-con e-parent\" data-id=\"7dbe756\" data-element_type=\"container\" data-e-type=\"container\" data-settings=\"{&quot;background_background&quot;:&quot;classic&quot;}\">\n\t\t\t\t\t<div class=\"e-con-inner\">\n\t\t<div data-particle_enable=\"false\" data-particle-mobile-disabled=\"false\" class=\"elementor-element elementor-element-22f987e e-con-full e-flex e-con e-child\" data-id=\"22f987e\" data-element_type=\"container\" data-e-type=\"container\">\n\t\t\t\t<div class=\"elementor-element elementor-element-6953486 elementor-widget elementor-widget-heading\" data-id=\"6953486\" data-element_type=\"widget\" data-e-type=\"widget\" data-widget_type=\"heading.default\">\n\t\t\t\t<div class=\"elementor-widget-container\">\n\t\t\t\t\t<h1 class=\"elementor-heading-title elementor-size-default\">Accessibility Statement\n<\/h1>\t\t\t\t<\/div>\n\t\t\t\t<\/div>\n\t\t\t\t<\/div>\n\t\t\t\t\t<\/div>\n\t\t\t\t<\/div>\n\t\t<div data-particle_enable=\"false\" data-particle-mobile-disabled=\"false\" class=\"elementor-element elementor-element-f1aa78e e-flex e-con-boxed e-con e-parent\" data-id=\"f1aa78e\" data-element_type=\"container\" data-e-type=\"container\">\n\t\t\t\t\t<div class=\"e-con-inner\">\n\t\t\t\t<div class=\"elementor-element elementor-element-c9e603a elementor-widget elementor-widget-text-editor\" data-id=\"c9e603a\" data-element_type=\"widget\" data-e-type=\"widget\" data-widget_type=\"text-editor.default\">\n\t\t\t\t<div class=\"elementor-widget-container\">\n\t\t\t\t\t\t\t\t\t<ul class=\"ul1\"><li class=\"li2\"><b>Accessibility statement<\/b><\/li><\/ul><p class=\"p3\"><span class=\"s2\">The Spanish Data Protection Agency has committed to making its websites accessible in accordance with the\u00a0<a href=\"https:\/\/www.boe.es\/buscar\/act.php?id=BOE-A-2018-12699\" target=\"_blank\" rel=\"noopener\"><span class=\"s3\"><b>Royal Decree 1112\/2018, of September 7, on accessibility of websites and applications for mobile devices in the public sector<\/b><\/span><\/a>.<\/span><span class=\"s4\"><span class=\"Apple-converted-space\">\u00a0\u00a0<\/span><a href=\"https:\/\/www.boe.es\/buscar\/act.php?id=BOE-A-2018-12699\" target=\"_blank\" rel=\"noopener\"><span class=\"s5\">https:\/\/www.boe.es\/buscar\/act.php?id=BOE-A-2018-12699<\/span><\/a><\/span><\/p><p class=\"p2\"><b>COMPLIANCE STATUS<\/b><\/p><p class=\"p2\">This website is\u00a0<b>partially compliant<\/b>\u00a0with the\u00a0<a href=\"https:\/\/www.boe.es\/diario_boe\/txt.php?id=BOE-A-2018-12699\" target=\"_blank\" rel=\"noopener\"><span class=\"s3\"><b>RD 1112\/2018<\/b><\/span><\/a>\u00a0<a href=\"https:\/\/www.boe.es\/diario_boe\/txt.php?id=BOE-A-2018-12699\" target=\"_blank\" rel=\"noopener\"><span class=\"s6\">https:\/\/www.boe.es\/diario_boe\/txt.php?id=BOE-A-2018-12699<\/span><\/a>\u00a0\u00a0due to the exceptions and lack of compliance with the aspects indicated below.<\/p><p class=\"p4\"><b>CONTENT NOT ACCESSIBLE<\/b><\/p><p class=\"p4\">The content below is not accessible for the following reasons:\u00a0<\/p><ul class=\"ul1\"><li class=\"li4\"><b>Lack of compliance with RD 1112\/2018:<\/b><ul class=\"ul1\"><li class=\"li4\">There may be content in other languages on the portal where the language change is not correctly labeled.<\/li><li class=\"li4\">Audio-only media elements have no alternative<\/li><li class=\"li4\">There are videos without subtitles<\/li><li class=\"li4\">There is textual content without sufficient contrast<\/li><li class=\"li4\">It is observed how in some cases the focus does not meet the minimum contrast ratio required.<\/li><li class=\"li4\">In some cases, content overlap may occur.<\/li><li class=\"li4\">There are PDF documents with accessibility problems<\/li><\/ul><\/li><li class=\"li4\"><b>Disproportionate burden:<\/b><\/li><\/ul><p class=\"p4\">\u00a0 \u00a0 \u00a0 \u00a0 \u00a0 Not applicable.<\/p><ul class=\"ul1\"><li class=\"li4\"><b>Content does not fall within the scope of applicable law:<\/b><\/li><\/ul><p class=\"p4\">\u00a0 \u00a0 \u00a0 \u00a0 \u00a0 There may be PDF documents published before September 20, 2018, that do not fully meet all accessibility requirements.<\/p><p class=\"p4\"><b>PREPARATION OF THIS ACCESSIBILITY DECLARATION<\/b><\/p><p class=\"p2\">This statement was prepared on March 22, 2023.<\/p><p class=\"p2\">The method used for this statement has been a self-assessment carried out by the Agency itself with the support of the\u00a0<a href=\"https:\/\/herramienta-ira.administracionelectronica.gob.es\/#!\/\" target=\"_blank\" rel=\"noopener\"><span class=\"s3\"><b>IRA Tool (Accessibility Review Report)<\/b><\/span><\/a>\u00a0<a href=\"https:\/\/herramienta-ira.administracionelectronica.gob.es\/#!\/\" target=\"_blank\" rel=\"noopener\"><span class=\"s6\">https:\/\/herramienta-ira.administracionelectronica.gob.es\/#!\/<\/span><\/a>\u00a0from the Accessibility Observatory.<\/p><p class=\"p2\">Last revised statement: March 22, 2023<\/p><p class=\"p4\"><b>COMMENTS AND CONTACT INFORMATION<\/b><\/p><ul class=\"ul1\"><li class=\"li4\"><b>Communications on accessibility requirements<\/b><\/li><\/ul><p class=\"p4\">You can make communications about accessibility requirements (article 10.2.a of RD 1112\/2018) such as, for example:<\/p><ul class=\"ul1\"><li class=\"li4\"><b>report any potential non-compliance by this website<\/b><\/li><li class=\"li4\"><b>convey other difficulties in accessing the content<\/b><\/li><li class=\"li2\"><b>make any other queries or suggestions for improvements related to the accessibility of the website<\/b><\/li><\/ul><p class=\"p3\"><span class=\"s2\">through the\u00a0<a href=\"https:\/\/sedeagpd.gob.es\/sede-electronica-web\/vistas\/formQuejasSugerencias\/formRequisitosAccesibilidad.jsf\" target=\"_blank\" rel=\"noopener\"><span class=\"s3\"><b>accessibility requirements contact form<\/b><\/span><\/a>\u00a0\u00a0<a href=\"https:\/\/sedeagpd.gob.es\/sede-electronica-web\/vistas\/formQuejasSugerencias\/accesible_quejas.jsf\" target=\"_blank\" rel=\"noopener\"><span class=\"s3\">https:\/\/sedeagpd.gob.es\/sede-electronica-web\/vistas\/formQuejasSugerencias\/accesible_quejas.jsf<\/span><\/a>\u00a0designated for this purpose at the Agency&#039;s electronic headquarters.<\/span><\/p><p class=\"p4\">Communications will be received and processed by the Accessibility Unit of the General Subdirectorate of Promotion and Authorizations.<\/p><ul class=\"ul1\"><li class=\"li2\"><b>Requests for accessible information and complaints<\/b><\/li><\/ul><p class=\"p3\"><span class=\"s2\">Through the\u00a0<a href=\"https:\/\/sedeagpd.gob.es\/sede-electronica-web\/vistas\/formQuejasSugerencias\/accesible_quejas.jsf\" target=\"_blank\" rel=\"noopener\"><span class=\"s3\"><b>Accessible Information Request and Complaint Form<\/b><\/span><\/a>\u00a0may present:<\/span><\/p><ul class=\"ul1\"><li class=\"li4\"><b>a Complaint regarding compliance with the requirements of RD 1112\/2018 or<\/b><\/li><li class=\"li4\"><b>an accessible Information Request relating to:<\/b><ul class=\"ul1\"><li class=\"li4\">Contents that are excluded from the scope of RD 1112\/2018 as established by article 3, section 4<\/li><li class=\"li4\">content that is exempt from compliance with accessibility requirements because it imposes a disproportionate burden.<\/li><\/ul><\/li><\/ul><p class=\"p2\">In the Request for Accessible Information, the facts, reasons, and request must be clearly stated to demonstrate that it is a reasonable and legitimate request.<\/p><p class=\"p4\"><b>APPLICATION PROCEDURE<\/b><\/p><p class=\"p2\">If, after submitting a request for accessible information or a complaint, it has been rejected, the interested party disagrees with the decision, or the response does not meet the requirements set forth in Article 12.5 of Royal Decree 1112\/2018, the interested party may file a complaint. A complaint may also be filed if no response has been received.<\/p><p class=\"p6\"><span class=\"s2\">The claim procedure set out in article 13 of RD 1112\/2018 can be initiated through\u00a0<a href=\"https:\/\/sedeagpd.gob.es\/sede-electronica-web\/vistas\/formProcedimientoEntrada\/procedimientoEntradaAmpliado.jsf\" target=\"_blank\" rel=\"noopener\"><span class=\"s3\"><b>this link<\/b><\/span><\/a>.\u00a0<a href=\"https:\/\/sedeagpd.gob.es\/sede-electronica-web\/vistas\/formProcedimientoEntrada\/procedimientoEntradaAmpliado.jsf\" target=\"_blank\" rel=\"noopener\"><span class=\"s6\">https:\/\/sedeagpd.gob.es\/sede-electronica-web\/vistas\/formProcedimientoEntrada\/procedimientoEntradaAmpliado.jsf<\/span><\/a><\/span><\/p><p class=\"p4\"><b>OPTIONAL CONTENT<\/b><\/p><p class=\"p4\">The website:<\/p><ul class=\"ul1\"><li class=\"li4\">It has been designed to adapt to current standards and regulations regarding accessibility, complying with the priority 2 (AA) checkpoints defined in the Web Content Accessibility Guidelines specification (WCAG 2.1).<\/li><li class=\"li4\">It is optimized for the latest versions of Chrome, Edge, Firefox, Safari, and Opera.<\/li><li class=\"li4\">It is designed for correct viewing in any resolution and device: desktop, tablets or mobile (design\u00a0<i>responsive<\/i>)<\/li><li class=\"li4\">It has been made using HTML5 as the markup language and CSS 3 style sheets for its design.<\/li><\/ul><p class=\"p4\">In addition, content is continuously audited and reviewed to facilitate interpretation and improve navigation through the website.<\/p>\t\t\t\t\t\t\t\t<\/div>\n\t\t\t\t<\/div>\n\t\t\t\t\t<\/div>\n\t\t\t\t<\/div>\n\t\t\t\t<\/div>","protected":false},"excerpt":{"rendered":"<p>Declaraci\u00f3n de Accesibilidad Declaraci\u00f3n de accesibilidad La Agencia Espa\u00f1ola de Protecci\u00f3n de Datos se ha comprometido a hacer accesibles sus sitios web\u00a0de conformidad con el\u00a0Real&hellip;<\/p>","protected":false},"author":2,"featured_media":0,"parent":0,"menu_order":0,"comment_status":"closed","ping_status":"closed","template":"","meta":{"footnotes":""},"class_list":["post-789","page","type-page","status-publish","hentry"],"_links":{"self":[{"href":"https:\/\/a-art.es\/en\/wp-json\/wp\/v2\/pages\/789","targetHints":{"allow":["GET"]}}],"collection":[{"href":"https:\/\/a-art.es\/en\/wp-json\/wp\/v2\/pages"}],"about":[{"href":"https:\/\/a-art.es\/en\/wp-json\/wp\/v2\/types\/page"}],"author":[{"embeddable":true,"href":"https:\/\/a-art.es\/en\/wp-json\/wp\/v2\/users\/2"}],"replies":[{"embeddable":true,"href":"https:\/\/a-art.es\/en\/wp-json\/wp\/v2\/comments?post=789"}],"version-history":[{"count":7,"href":"https:\/\/a-art.es\/en\/wp-json\/wp\/v2\/pages\/789\/revisions"}],"predecessor-version":[{"id":801,"href":"https:\/\/a-art.es\/en\/wp-json\/wp\/v2\/pages\/789\/revisions\/801"}],"wp:attachment":[{"href":"https:\/\/a-art.es\/en\/wp-json\/wp\/v2\/media?parent=789"}],"curies":[{"name":"wp","href":"https:\/\/api.w.org\/{rel}","templated":true}]}}