{"id":2992,"date":"2026-04-02T08:09:25","date_gmt":"2026-04-02T08:09:25","guid":{"rendered":"https:\/\/a-art.es\/?page_id=2992"},"modified":"2026-04-02T09:16:41","modified_gmt":"2026-04-02T09:16:41","slug":"training-personalized","status":"publish","type":"page","link":"https:\/\/a-art.es\/en\/training-personalized\/","title":{"rendered":"Training &#8211; Personalized"},"content":{"rendered":"<div data-elementor-type=\"wp-page\" data-elementor-id=\"2992\" class=\"elementor elementor-2992\" data-elementor-post-type=\"page\">\n\t\t\t\t<div data-particle_enable=\"false\" data-particle-mobile-disabled=\"false\" class=\"elementor-element elementor-element-0a9bb93 e-flex e-con-boxed e-con e-parent\" data-id=\"0a9bb93\" data-element_type=\"container\" data-e-type=\"container\" data-settings=\"{&quot;background_background&quot;:&quot;classic&quot;}\">\n\t\t\t\t\t<div class=\"e-con-inner\">\n\t\t\t\t<div class=\"elementor-element elementor-element-fa9d54a elementor-widget elementor-widget-heading\" data-id=\"fa9d54a\" data-element_type=\"widget\" data-e-type=\"widget\" data-widget_type=\"heading.default\">\n\t\t\t\t<div class=\"elementor-widget-container\">\n\t\t\t\t\t<h1 class=\"elementor-heading-title elementor-size-default\">Customized training<\/h1>\t\t\t\t<\/div>\n\t\t\t\t<\/div>\n\t\t<div data-particle_enable=\"false\" data-particle-mobile-disabled=\"false\" class=\"elementor-element elementor-element-cee1374 e-con-full e-flex e-con e-child\" data-id=\"cee1374\" data-element_type=\"container\" data-e-type=\"container\">\n\t\t\t\t<div class=\"elementor-element elementor-element-923a0c8 elementor-widget elementor-widget-text-editor\" data-id=\"923a0c8\" data-element_type=\"widget\" data-e-type=\"widget\" data-widget_type=\"text-editor.default\">\n\t\t\t\t<div class=\"elementor-widget-container\">\n\t\t\t\t\t<div class=\"bb-theme-elementor-wrap bb-elementor-custom-size\">\t\t\t\t<p>Generic solutions aren&#039;t always the best. You might have specific questions or simply prefer private lessons so you can receive individual attention and we can work at your pace. You might also need training for your staff tailored to your work style and team.<\/p><p>For these situations, we offer customized training. We analyze your needs and create a course tailored to them. These courses can be individual or group-based, and delivered in person or online.<\/p><p>The price of this training depends largely on your needs. We would be happy to provide you with a no-obligation quote.<\/p>\t\t\t\t<\/div>\t\t\t\t<\/div>\n\t\t\t\t<\/div>\n\t\t\t\t<\/div>\n\t\t\t\t\t<\/div>\n\t\t\t\t<\/div>\n\t\t\t\t<\/div>","protected":false},"excerpt":{"rendered":"<p>Formaci\u00f3n personalizada Las soluciones gen\u00e9ricas no siempre son las que mejor funcionan. Puedes tener dudas espec\u00edficas o simplemente preferir unas clases privadas para que tengas&hellip;<\/p>","protected":false},"author":10,"featured_media":0,"parent":0,"menu_order":0,"comment_status":"closed","ping_status":"closed","template":"elementor_header_footer","meta":{"footnotes":""},"class_list":["post-2992","page","type-page","status-publish","hentry"],"_links":{"self":[{"href":"https:\/\/a-art.es\/en\/wp-json\/wp\/v2\/pages\/2992","targetHints":{"allow":["GET"]}}],"collection":[{"href":"https:\/\/a-art.es\/en\/wp-json\/wp\/v2\/pages"}],"about":[{"href":"https:\/\/a-art.es\/en\/wp-json\/wp\/v2\/types\/page"}],"author":[{"embeddable":true,"href":"https:\/\/a-art.es\/en\/wp-json\/wp\/v2\/users\/10"}],"replies":[{"embeddable":true,"href":"https:\/\/a-art.es\/en\/wp-json\/wp\/v2\/comments?post=2992"}],"version-history":[{"count":7,"href":"https:\/\/a-art.es\/en\/wp-json\/wp\/v2\/pages\/2992\/revisions"}],"predecessor-version":[{"id":3019,"href":"https:\/\/a-art.es\/en\/wp-json\/wp\/v2\/pages\/2992\/revisions\/3019"}],"wp:attachment":[{"href":"https:\/\/a-art.es\/en\/wp-json\/wp\/v2\/media?parent=2992"}],"curies":[{"name":"wp","href":"https:\/\/api.w.org\/{rel}","templated":true}]}}