{"id":2988,"date":"2026-04-02T08:05:21","date_gmt":"2026-04-02T08:05:21","guid":{"rendered":"https:\/\/a-art.es\/?page_id=2988"},"modified":"2026-04-02T10:58:16","modified_gmt":"2026-04-02T10:58:16","slug":"training-classroom","status":"publish","type":"page","link":"https:\/\/a-art.es\/en\/training-classroom\/","title":{"rendered":"Training &#8211; Classroom"},"content":{"rendered":"<div data-elementor-type=\"wp-page\" data-elementor-id=\"2988\" class=\"elementor elementor-2988\" data-elementor-post-type=\"page\">\n\t\t\t\t<div data-particle_enable=\"false\" data-particle-mobile-disabled=\"false\" class=\"elementor-element elementor-element-0a9bb93 e-flex e-con-boxed e-con e-parent\" data-id=\"0a9bb93\" data-element_type=\"container\" data-e-type=\"container\" data-settings=\"{&quot;background_background&quot;:&quot;classic&quot;}\">\n\t\t\t\t\t<div class=\"e-con-inner\">\n\t\t\t\t<div class=\"elementor-element elementor-element-fa9d54a elementor-widget elementor-widget-heading\" data-id=\"fa9d54a\" data-element_type=\"widget\" data-e-type=\"widget\" data-widget_type=\"heading.default\">\n\t\t\t\t<div class=\"elementor-widget-container\">\n\t\t\t\t\t<h1 class=\"elementor-heading-title elementor-size-default\">Face-to-face training<\/h1>\t\t\t\t<\/div>\n\t\t\t\t<\/div>\n\t\t<a data-particle_enable=\"false\" data-particle-mobile-disabled=\"false\" class=\"elementor-element elementor-element-1106129 e-con-full e-flex e-con e-child\" data-id=\"1106129\" data-element_type=\"container\" data-e-type=\"container\" data-settings=\"{&quot;background_background&quot;:&quot;classic&quot;}\" href=\"https:\/\/a-art.es\/en\/product\/ma3-curso-presencial-14-a-16-de-abril-santovenia-valladolid\/\">\n\t\t\t\t<div class=\"elementor-element elementor-element-b14b274 elementor-widget elementor-widget-image\" data-id=\"b14b274\" data-element_type=\"widget\" data-e-type=\"widget\" data-widget_type=\"image.default\">\n\t\t\t\t<div class=\"elementor-widget-container\">\n\t\t\t\t\t\t\t\t\t\t\t\t\t\t\t<img fetchpriority=\"high\" decoding=\"async\" width=\"640\" height=\"960\" src=\"https:\/\/a-art.es\/wp-content\/uploads\/2026\/03\/WhatsApp-Image-2026-03-30-at-19.39.57-683x1024.jpeg\" class=\"attachment-large size-large wp-image-2816\" alt=\"\" srcset=\"https:\/\/a-art.es\/wp-content\/uploads\/2026\/03\/WhatsApp-Image-2026-03-30-at-19.39.57-683x1024.jpeg 683w, https:\/\/a-art.es\/wp-content\/uploads\/2026\/03\/WhatsApp-Image-2026-03-30-at-19.39.57-200x300.jpeg 200w, https:\/\/a-art.es\/wp-content\/uploads\/2026\/03\/WhatsApp-Image-2026-03-30-at-19.39.57-768x1152.jpeg 768w, https:\/\/a-art.es\/wp-content\/uploads\/2026\/03\/WhatsApp-Image-2026-03-30-at-19.39.57-8x12.jpeg 8w, https:\/\/a-art.es\/wp-content\/uploads\/2026\/03\/WhatsApp-Image-2026-03-30-at-19.39.57-624x936.jpeg 624w, https:\/\/a-art.es\/wp-content\/uploads\/2026\/03\/WhatsApp-Image-2026-03-30-at-19.39.57-600x900.jpeg 600w, https:\/\/a-art.es\/wp-content\/uploads\/2026\/03\/WhatsApp-Image-2026-03-30-at-19.39.57.jpeg 1024w\" sizes=\"(max-width: 640px) 100vw, 640px\" \/>\t\t\t\t\t\t\t\t\t\t\t\t\t\t\t<\/div>\n\t\t\t\t<\/div>\n\t\t<a data-particle_enable=\"false\" data-particle-mobile-disabled=\"false\" class=\"elementor-element elementor-element-d62915e e-con-full e-flex e-con e-child\" data-id=\"d62915e\" data-element_type=\"container\" data-e-type=\"container\" href=\"https:\/\/a-art.es\/en\/product\/ma3-curso-presencial-listado\/\">\n\t\t\t\t<div class=\"elementor-element elementor-element-4b99857 elementor-widget elementor-widget-heading\" data-id=\"4b99857\" data-element_type=\"widget\" data-e-type=\"widget\" data-widget_type=\"heading.default\">\n\t\t\t\t<div class=\"elementor-widget-container\">\n\t\t\t\t\t<h3 class=\"elementor-heading-title elementor-size-default\">Can&#039;t attend? Looking for training closer to you?<\/h3>\t\t\t\t<\/div>\n\t\t\t\t<\/div>\n\t\t\t\t<div class=\"elementor-element elementor-element-67df836 elementor-widget elementor-widget-text-editor\" data-id=\"67df836\" data-element_type=\"widget\" data-e-type=\"widget\" data-widget_type=\"text-editor.default\">\n\t\t\t\t<div class=\"elementor-widget-container\">\n\t\t\t\t\t\t\t\t\t<p>Click here to sign up for this course. We&#039;ll let you know when new dates are available. The more people who sign up, the sooner a new course will be offered.\u00a0<\/p>\t\t\t\t\t\t\t\t<\/div>\n\t\t\t\t<\/div>\n\t\t\t\t<\/a>\n\t\t\t\t<\/a>\n\t\t\t\t\t<\/div>\n\t\t\t\t<\/div>\n\t\t\t\t<\/div>","protected":false},"excerpt":{"rendered":"<p>Formaci\u00f3n presencial \u00bfNo puedes asistir? \u00bfBuscas formaci\u00f3n m\u00e1s cerca de ti? Haz click aqui y ap\u00fantate en la lista de intersedos para este curso. Te&hellip;<\/p>","protected":false},"author":10,"featured_media":0,"parent":0,"menu_order":0,"comment_status":"closed","ping_status":"closed","template":"elementor_header_footer","meta":{"footnotes":""},"class_list":["post-2988","page","type-page","status-publish","hentry"],"_links":{"self":[{"href":"https:\/\/a-art.es\/en\/wp-json\/wp\/v2\/pages\/2988","targetHints":{"allow":["GET"]}}],"collection":[{"href":"https:\/\/a-art.es\/en\/wp-json\/wp\/v2\/pages"}],"about":[{"href":"https:\/\/a-art.es\/en\/wp-json\/wp\/v2\/types\/page"}],"author":[{"embeddable":true,"href":"https:\/\/a-art.es\/en\/wp-json\/wp\/v2\/users\/10"}],"replies":[{"embeddable":true,"href":"https:\/\/a-art.es\/en\/wp-json\/wp\/v2\/comments?post=2988"}],"version-history":[{"count":13,"href":"https:\/\/a-art.es\/en\/wp-json\/wp\/v2\/pages\/2988\/revisions"}],"predecessor-version":[{"id":3060,"href":"https:\/\/a-art.es\/en\/wp-json\/wp\/v2\/pages\/2988\/revisions\/3060"}],"wp:attachment":[{"href":"https:\/\/a-art.es\/en\/wp-json\/wp\/v2\/media?parent=2988"}],"curies":[{"name":"wp","href":"https:\/\/api.w.org\/{rel}","templated":true}]}}