{"id":1766,"date":"2025-09-30T18:53:38","date_gmt":"2025-09-30T18:53:38","guid":{"rendered":"https:\/\/a-art.es\/?page_id=1766"},"modified":"2025-10-01T15:06:23","modified_gmt":"2025-10-01T15:06:23","slug":"curso-ma3-fixturetypes","status":"publish","type":"page","link":"https:\/\/a-art.es\/en\/curso-ma3-fixturetypes\/","title":{"rendered":"Curso &#8211; MA3 FixtureTypes"},"content":{"rendered":"<div data-elementor-type=\"wp-page\" data-elementor-id=\"1766\" class=\"elementor elementor-1766\" data-elementor-post-type=\"page\">\n\t\t\t\t<div data-particle_enable=\"false\" data-particle-mobile-disabled=\"false\" class=\"elementor-element elementor-element-0a9bb93 e-flex e-con-boxed e-con e-parent\" data-id=\"0a9bb93\" data-element_type=\"container\" data-e-type=\"container\" data-settings=\"{&quot;background_background&quot;:&quot;classic&quot;}\">\n\t\t\t\t\t<div class=\"e-con-inner\">\n\t\t<div data-particle_enable=\"false\" data-particle-mobile-disabled=\"false\" class=\"elementor-element elementor-element-c550969 e-con-full e-flex e-con e-child\" data-id=\"c550969\" data-element_type=\"container\" data-e-type=\"container\">\n\t\t\t\t<div class=\"elementor-element elementor-element-fa9d54a elementor-widget elementor-widget-heading\" data-id=\"fa9d54a\" data-element_type=\"widget\" data-e-type=\"widget\" data-widget_type=\"heading.default\">\n\t\t\t\t<div class=\"elementor-widget-container\">\n\t\t\t\t\t<h1 class=\"elementor-heading-title elementor-size-default\">GrandMA3 GDTF Fixtures<\/h1>\t\t\t\t<\/div>\n\t\t\t\t<\/div>\n\t\t\t\t<div class=\"elementor-element elementor-element-164476d elementor-widget__width-initial elementor-widget elementor-widget-text-editor\" data-id=\"164476d\" data-element_type=\"widget\" data-e-type=\"widget\" data-widget_type=\"text-editor.default\">\n\t\t\t\t<div class=\"elementor-widget-container\">\n\t\t\t\t\t<div class=\"bb-theme-elementor-wrap bb-elementor-custom-size\">\t\t\t\t<p>The MA3&#039;s spotlight profiles are based on the GDTF format. This format is very comprehensive, providing information for CAD, previewing, and managing each spotlight. This, however, makes it more difficult to create and adapt profiles to our needs. In this two-day course, we teach this entire process both through GDTF share and from within the console.<\/p>\t\t\t\t<\/div>\t\t\t\t<\/div>\n\t\t\t\t<\/div>\n\t\t\t\t<div class=\"elementor-element elementor-element-50df332 elementor-widget elementor-widget-heading\" data-id=\"50df332\" data-element_type=\"widget\" data-e-type=\"widget\" data-widget_type=\"heading.default\">\n\t\t\t\t<div class=\"elementor-widget-container\">\n\t\t\t\t\t<h3 class=\"elementor-heading-title elementor-size-default\">Technical requirements<\/h3>\t\t\t\t<\/div>\n\t\t\t\t<\/div>\n\t\t\t\t<div class=\"elementor-element elementor-element-d64536d elementor-widget__width-initial elementor-widget elementor-widget-text-editor\" data-id=\"d64536d\" data-element_type=\"widget\" data-e-type=\"widget\" data-widget_type=\"text-editor.default\">\n\t\t\t\t<div class=\"elementor-widget-container\">\n\t\t\t\t\t<div class=\"bb-theme-elementor-wrap bb-elementor-custom-size\">\t\t\t\t<p>The latest version of GrandMA onPC on a computer or having a GrandMA3 console at your disposal is a must.<\/p><p>\u00a0<\/p><p>We use Microsoft Teams to create the sessions. A strong internet connection is required to connect. We recommend having at least a 15&quot; screen dedicated to the session and another for the MA3 software. Be sure to test Teams well in advance so you can take appropriate action if it doesn&#039;t work properly.<\/p>\t\t\t\t<\/div>\t\t\t\t<\/div>\n\t\t\t\t<\/div>\n\t\t\t\t<div class=\"elementor-element elementor-element-c67924a elementor-widget elementor-widget-heading\" data-id=\"c67924a\" data-element_type=\"widget\" data-e-type=\"widget\" data-widget_type=\"heading.default\">\n\t\t\t\t<div class=\"elementor-widget-container\">\n\t\t\t\t\t<h3 class=\"elementor-heading-title elementor-size-default\">Prior knowledge<\/h3>\t\t\t\t<\/div>\n\t\t\t\t<\/div>\n\t\t\t\t<div class=\"elementor-element elementor-element-9290ab2 elementor-widget__width-initial elementor-widget elementor-widget-text-editor\" data-id=\"9290ab2\" data-element_type=\"widget\" data-e-type=\"widget\" data-widget_type=\"text-editor.default\">\n\t\t\t\t<div class=\"elementor-widget-container\">\n\t\t\t\t\t<div class=\"bb-theme-elementor-wrap bb-elementor-custom-size\">\t\t\t\t<p>This course requires a strong prior knowledge of the GrandMA3. The Specialist Series is designed for experienced operators who want to delve deeper into some of the most challenging aspects of GrandMA3 operation.\u00a0<\/p>\t\t\t\t<\/div>\t\t\t\t<\/div>\n\t\t\t\t<\/div>\n\t\t\t\t<div class=\"elementor-element elementor-element-4558dd0 elementor-widget elementor-widget-heading\" data-id=\"4558dd0\" data-element_type=\"widget\" data-e-type=\"widget\" data-widget_type=\"heading.default\">\n\t\t\t\t<div class=\"elementor-widget-container\">\n\t\t\t\t\t<h3 class=\"elementor-heading-title elementor-size-default\">Course organization<\/h3>\t\t\t\t<\/div>\n\t\t\t\t<\/div>\n\t\t\t\t<div class=\"elementor-element elementor-element-bfbaea4 elementor-widget__width-initial elementor-widget elementor-widget-text-editor\" data-id=\"bfbaea4\" data-element_type=\"widget\" data-e-type=\"widget\" data-widget_type=\"text-editor.default\">\n\t\t\t\t<div class=\"elementor-widget-container\">\n\t\t\t\t\t<div class=\"bb-theme-elementor-wrap bb-elementor-custom-size\">\t\t\t\t<p>This course consists of two sessions via Microsoft Teams, each lasting three hours and a half-hour break. Sessions run from 5:00 PM to 8:30 PM Madrid time. This coincides with different morning schedules in the Americas, depending on the location. Each session is recorded and made available to students for a month so they can review details or catch up on a missed session.<\/p>\t\t\t\t<\/div>\t\t\t\t<\/div>\n\t\t\t\t<\/div>\n\t\t\t\t<div class=\"elementor-element elementor-element-d3e3387 elementor-widget elementor-widget-heading\" data-id=\"d3e3387\" data-element_type=\"widget\" data-e-type=\"widget\" data-widget_type=\"heading.default\">\n\t\t\t\t<div class=\"elementor-widget-container\">\n\t\t\t\t\t<h3 class=\"elementor-heading-title elementor-size-default\">Conditions<\/h3>\t\t\t\t<\/div>\n\t\t\t\t<\/div>\n\t\t\t\t<div class=\"elementor-element elementor-element-9a43061 elementor-widget__width-initial elementor-widget elementor-widget-text-editor\" data-id=\"9a43061\" data-element_type=\"widget\" data-e-type=\"widget\" data-widget_type=\"text-editor.default\">\n\t\t\t\t<div class=\"elementor-widget-container\">\n\t\t\t\t\t<div class=\"bb-theme-elementor-wrap bb-elementor-custom-size\">\t\t\t\t<p>We reserve the right to cancel the course (with a refund of the amount paid) in the event of:<\/p><ul><li>Not reaching the minimum of 6 students per course<\/li><li>Illness or disability of the teacher.<\/li><li>Impossibility due to live work.<\/li><\/ul><p>In any case, we are committed to seeking alternative options with the students involved (such as a change of dates) and leaving cancellation as a last resort. If a student wishes to cancel their registration, they have the right to a refund of 50% of the fee paid.<\/p>\t\t\t\t<\/div>\t\t\t\t<\/div>\n\t\t\t\t<\/div>\n\t\t<div data-particle_enable=\"false\" data-particle-mobile-disabled=\"false\" class=\"elementor-element elementor-element-c1889e9 e-con-full e-flex e-con e-child\" data-id=\"c1889e9\" data-element_type=\"container\" data-e-type=\"container\">\n\t\t<a data-particle_enable=\"false\" data-particle-mobile-disabled=\"false\" class=\"elementor-element elementor-element-31d45b9 e-con-full e-flex e-con e-child\" data-id=\"31d45b9\" data-element_type=\"container\" data-e-type=\"container\" href=\"https:\/\/a-art.es\/en\/product\/ma3-fixturetypes-es\/\">\n\t\t\t\t<div class=\"elementor-element elementor-element-f91124b elementor-widget elementor-widget-heading\" data-id=\"f91124b\" data-element_type=\"widget\" data-e-type=\"widget\" data-widget_type=\"heading.default\">\n\t\t\t\t<div class=\"elementor-widget-container\">\n\t\t\t\t\t<h4 class=\"elementor-heading-title elementor-size-default\">\ud83c\uddea\ud83c\uddf8<\/h4>\t\t\t\t<\/div>\n\t\t\t\t<\/div>\n\t\t\t\t<div class=\"elementor-element elementor-element-4cf9d1c elementor-widget elementor-widget-heading\" data-id=\"4cf9d1c\" data-element_type=\"widget\" data-e-type=\"widget\" data-widget_type=\"heading.default\">\n\t\t\t\t<div class=\"elementor-widget-container\">\n\t\t\t\t\t<h4 class=\"elementor-heading-title elementor-size-default\">Buy GrandMA3 GDTF Fixtures in Spanish<\/h4>\t\t\t\t<\/div>\n\t\t\t\t<\/div>\n\t\t\t\t<div class=\"elementor-element elementor-element-b802a9b elementor-widget elementor-widget-heading\" data-id=\"b802a9b\" data-element_type=\"widget\" data-e-type=\"widget\" data-widget_type=\"heading.default\">\n\t\t\t\t<div class=\"elementor-widget-container\">\n\t\t\t\t\t<h4 class=\"elementor-heading-title elementor-size-default\">January 12 and 13, 2026<\/h4>\t\t\t\t<\/div>\n\t\t\t\t<\/div>\n\t\t\t\t<div class=\"elementor-element elementor-element-2bc70c2 elementor-widget elementor-widget-heading\" data-id=\"2bc70c2\" data-element_type=\"widget\" data-e-type=\"widget\" data-widget_type=\"heading.default\">\n\t\t\t\t<div class=\"elementor-widget-container\">\n\t\t\t\t\t<h4 class=\"elementor-heading-title elementor-size-default\">\u20ac 119<\/h4>\t\t\t\t<\/div>\n\t\t\t\t<\/div>\n\t\t\t\t<\/a>\n\t\t<a data-particle_enable=\"false\" data-particle-mobile-disabled=\"false\" class=\"elementor-element elementor-element-24eebfc e-flex e-con-boxed e-con e-child\" data-id=\"24eebfc\" data-element_type=\"container\" data-e-type=\"container\" href=\"https:\/\/a-art.es\/en\/product\/ma3-fixturetypes-en\/\">\n\t\t\t\t\t<div class=\"e-con-inner\">\n\t\t\t\t<div class=\"elementor-element elementor-element-bfbf719 elementor-widget elementor-widget-heading\" data-id=\"bfbf719\" data-element_type=\"widget\" data-e-type=\"widget\" data-widget_type=\"heading.default\">\n\t\t\t\t<div class=\"elementor-widget-container\">\n\t\t\t\t\t<h4 class=\"elementor-heading-title elementor-size-default\">\ud83c\uddec\ud83c\udde7<\/h4>\t\t\t\t<\/div>\n\t\t\t\t<\/div>\n\t\t\t\t<div class=\"elementor-element elementor-element-3c82d0c elementor-widget elementor-widget-heading\" data-id=\"3c82d0c\" data-element_type=\"widget\" data-e-type=\"widget\" data-widget_type=\"heading.default\">\n\t\t\t\t<div class=\"elementor-widget-container\">\n\t\t\t\t\t<h4 class=\"elementor-heading-title elementor-size-default\">Buy GrandMA3 GDTF Fixtures in English\n<\/h4>\t\t\t\t<\/div>\n\t\t\t\t<\/div>\n\t\t\t\t<div class=\"elementor-element elementor-element-4cc4b30 elementor-widget elementor-widget-heading\" data-id=\"4cc4b30\" data-element_type=\"widget\" data-e-type=\"widget\" data-widget_type=\"heading.default\">\n\t\t\t\t<div class=\"elementor-widget-container\">\n\t\t\t\t\t<h4 class=\"elementor-heading-title elementor-size-default\">January 14 and 15, 2026<\/h4>\t\t\t\t<\/div>\n\t\t\t\t<\/div>\n\t\t\t\t<div class=\"elementor-element elementor-element-b74191b elementor-widget elementor-widget-heading\" data-id=\"b74191b\" data-element_type=\"widget\" data-e-type=\"widget\" data-widget_type=\"heading.default\">\n\t\t\t\t<div class=\"elementor-widget-container\">\n\t\t\t\t\t<h4 class=\"elementor-heading-title elementor-size-default\">\u20ac 119<\/h4>\t\t\t\t<\/div>\n\t\t\t\t<\/div>\n\t\t\t\t\t<\/div>\n\t\t\t\t<\/a>\n\t\t\t\t<\/div>\n\t\t\t\t<\/div>\n\t\t\t\t\t<\/div>\n\t\t\t\t<\/div>\n\t\t\t\t<\/div>","protected":false},"excerpt":{"rendered":"<p>GrandMA3 GDTF Fixtures Los perfiles de focos de la MA3 est\u00e1n basados al formato GDTF. Un formato muy completo con informaci\u00f3n para CAD, Previsualizaci\u00f3n y&hellip;<\/p>","protected":false},"author":10,"featured_media":0,"parent":0,"menu_order":0,"comment_status":"closed","ping_status":"closed","template":"elementor_header_footer","meta":{"footnotes":""},"class_list":["post-1766","page","type-page","status-publish","hentry"],"_links":{"self":[{"href":"https:\/\/a-art.es\/en\/wp-json\/wp\/v2\/pages\/1766","targetHints":{"allow":["GET"]}}],"collection":[{"href":"https:\/\/a-art.es\/en\/wp-json\/wp\/v2\/pages"}],"about":[{"href":"https:\/\/a-art.es\/en\/wp-json\/wp\/v2\/types\/page"}],"author":[{"embeddable":true,"href":"https:\/\/a-art.es\/en\/wp-json\/wp\/v2\/users\/10"}],"replies":[{"embeddable":true,"href":"https:\/\/a-art.es\/en\/wp-json\/wp\/v2\/comments?post=1766"}],"version-history":[{"count":8,"href":"https:\/\/a-art.es\/en\/wp-json\/wp\/v2\/pages\/1766\/revisions"}],"predecessor-version":[{"id":1848,"href":"https:\/\/a-art.es\/en\/wp-json\/wp\/v2\/pages\/1766\/revisions\/1848"}],"wp:attachment":[{"href":"https:\/\/a-art.es\/en\/wp-json\/wp\/v2\/media?parent=1766"}],"curies":[{"name":"wp","href":"https:\/\/api.w.org\/{rel}","templated":true}]}}