{"id":1640,"date":"2025-09-29T11:51:55","date_gmt":"2025-09-29T11:51:55","guid":{"rendered":"https:\/\/a-art.es\/?page_id=1640"},"modified":"2025-11-24T10:36:34","modified_gmt":"2025-11-24T10:36:34","slug":"curso-ma3-basico","status":"publish","type":"page","link":"https:\/\/a-art.es\/en\/curso-ma3-basico\/","title":{"rendered":"Curso &#8211; MA3 B\u00e1sico"},"content":{"rendered":"<div data-elementor-type=\"wp-page\" data-elementor-id=\"1640\" class=\"elementor elementor-1640\" data-elementor-post-type=\"page\">\n\t\t\t\t<div data-particle_enable=\"false\" data-particle-mobile-disabled=\"false\" class=\"elementor-element elementor-element-0a9bb93 e-flex e-con-boxed e-con e-parent\" data-id=\"0a9bb93\" data-element_type=\"container\" data-e-type=\"container\" data-settings=\"{&quot;background_background&quot;:&quot;classic&quot;}\">\n\t\t\t\t\t<div class=\"e-con-inner\">\n\t\t<div data-particle_enable=\"false\" data-particle-mobile-disabled=\"false\" class=\"elementor-element elementor-element-c550969 e-con-full e-flex e-con e-child\" data-id=\"c550969\" data-element_type=\"container\" data-e-type=\"container\">\n\t\t\t\t<div class=\"elementor-element elementor-element-fa9d54a elementor-widget elementor-widget-heading\" data-id=\"fa9d54a\" data-element_type=\"widget\" data-e-type=\"widget\" data-widget_type=\"heading.default\">\n\t\t\t\t<div class=\"elementor-widget-container\">\n\t\t\t\t\t<h1 class=\"elementor-heading-title elementor-size-default\">GrandMA3 Basic<\/h1>\t\t\t\t<\/div>\n\t\t\t\t<\/div>\n\t\t<div data-particle_enable=\"false\" data-particle-mobile-disabled=\"false\" class=\"elementor-element elementor-element-f67fc1f e-con-full e-flex e-con e-child\" data-id=\"f67fc1f\" data-element_type=\"container\" data-e-type=\"container\">\n\t\t<div data-particle_enable=\"false\" data-particle-mobile-disabled=\"false\" class=\"elementor-element elementor-element-d44460c e-con-full e-flex e-con e-child\" data-id=\"d44460c\" data-element_type=\"container\" data-e-type=\"container\">\n\t\t\t\t<div class=\"elementor-element elementor-element-80fe218 elementor-widget elementor-widget-image\" data-id=\"80fe218\" data-element_type=\"widget\" data-e-type=\"widget\" data-widget_type=\"image.default\">\n\t\t\t\t<div class=\"elementor-widget-container\">\n\t\t\t\t\t\t\t\t\t\t\t\t\t\t\t<img fetchpriority=\"high\" decoding=\"async\" width=\"640\" height=\"381\" src=\"https:\/\/a-art.es\/wp-content\/uploads\/2025\/11\/Sheet-settings.png\" class=\"attachment-large size-large wp-image-2113\" alt=\"\" srcset=\"https:\/\/a-art.es\/wp-content\/uploads\/2025\/11\/Sheet-settings.png 787w, https:\/\/a-art.es\/wp-content\/uploads\/2025\/11\/Sheet-settings-300x178.png 300w, https:\/\/a-art.es\/wp-content\/uploads\/2025\/11\/Sheet-settings-768x457.png 768w, https:\/\/a-art.es\/wp-content\/uploads\/2025\/11\/Sheet-settings-18x12.png 18w, https:\/\/a-art.es\/wp-content\/uploads\/2025\/11\/Sheet-settings-624x371.png 624w, https:\/\/a-art.es\/wp-content\/uploads\/2025\/11\/Sheet-settings-600x357.png 600w\" sizes=\"(max-width: 640px) 100vw, 640px\" \/>\t\t\t\t\t\t\t\t\t\t\t\t\t\t\t<\/div>\n\t\t\t\t<\/div>\n\t\t\t\t<div class=\"elementor-element elementor-element-8f09bab elementor-widget elementor-widget-image\" data-id=\"8f09bab\" data-element_type=\"widget\" data-e-type=\"widget\" data-widget_type=\"image.default\">\n\t\t\t\t<div class=\"elementor-widget-container\">\n\t\t\t\t\t\t\t\t\t\t\t\t\t\t\t<img decoding=\"async\" width=\"640\" height=\"296\" src=\"https:\/\/a-art.es\/wp-content\/uploads\/2025\/11\/Phaser-1024x473.png\" class=\"attachment-large size-large wp-image-2110\" alt=\"\" srcset=\"https:\/\/a-art.es\/wp-content\/uploads\/2025\/11\/Phaser-1024x473.png 1024w, https:\/\/a-art.es\/wp-content\/uploads\/2025\/11\/Phaser-300x139.png 300w, https:\/\/a-art.es\/wp-content\/uploads\/2025\/11\/Phaser-768x355.png 768w, https:\/\/a-art.es\/wp-content\/uploads\/2025\/11\/Phaser-18x8.png 18w, https:\/\/a-art.es\/wp-content\/uploads\/2025\/11\/Phaser-624x289.png 624w, https:\/\/a-art.es\/wp-content\/uploads\/2025\/11\/Phaser-600x277.png 600w, https:\/\/a-art.es\/wp-content\/uploads\/2025\/11\/Phaser.png 1129w\" sizes=\"(max-width: 640px) 100vw, 640px\" \/>\t\t\t\t\t\t\t\t\t\t\t\t\t\t\t<\/div>\n\t\t\t\t<\/div>\n\t\t\t\t<\/div>\n\t\t<div data-particle_enable=\"false\" data-particle-mobile-disabled=\"false\" class=\"elementor-element elementor-element-e3db729 e-con-full e-flex e-con e-child\" data-id=\"e3db729\" data-element_type=\"container\" data-e-type=\"container\">\n\t\t\t\t<div class=\"elementor-element elementor-element-2129ab5 elementor-widget elementor-widget-heading\" data-id=\"2129ab5\" data-element_type=\"widget\" data-e-type=\"widget\" data-widget_type=\"heading.default\">\n\t\t\t\t<div class=\"elementor-widget-container\">\n\t\t\t\t\t<h3 class=\"elementor-heading-title elementor-size-default\">Course content<\/h3>\t\t\t\t<\/div>\n\t\t\t\t<\/div>\n\t\t\t\t<div class=\"elementor-element elementor-element-9d3de79 elementor-widget elementor-widget-text-editor\" data-id=\"9d3de79\" data-element_type=\"widget\" data-e-type=\"widget\" data-widget_type=\"text-editor.default\">\n\t\t\t\t<div class=\"elementor-widget-container\">\n\t\t\t\t\t<div class=\"bb-theme-elementor-wrap bb-elementor-custom-family bb-elementor-custom-size\">\t\t\t\t<p>In this introductory course on using GrandMA3, we&#039;ll create a show together step by step. After explaining each step, we&#039;ll practice creating our own show. We&#039;ll use this hands-on time to answer any questions you may have. The instructor will also prepare a live demonstration of their own show.<\/p><p>We&#039;ll start with an empty show file, add the patch to connect our devices, configure the screen, make selections, create groups, manage attributes, use presets, learn about the different types of presets, prepare cues and sequences, set priorities, assign executors, define all types of masters, discover phasers, and much more. By the end of the course, we&#039;ll not only have created a complete and functional show, but we&#039;ll also have learned the purpose of each part of the show and how to adapt it to our needs.<\/p><p>Don&#039;t worry if you miss part of a session. All sessions will be recorded, and the recordings will be available to students for one month. This will make it easy to catch up on a missed session or review an explanation.<\/p>\t\t\t\t<\/div>\t\t\t\t<\/div>\n\t\t\t\t<\/div>\n\t\t\t\t<\/div>\n\t\t\t\t<\/div>\n\t\t<div data-particle_enable=\"false\" data-particle-mobile-disabled=\"false\" class=\"elementor-element elementor-element-d206a96 e-con-full e-flex e-con e-child\" data-id=\"d206a96\" data-element_type=\"container\" data-e-type=\"container\">\n\t\t<div data-particle_enable=\"false\" data-particle-mobile-disabled=\"false\" class=\"elementor-element elementor-element-40e1330 e-con-full e-flex e-con e-child\" data-id=\"40e1330\" data-element_type=\"container\" data-e-type=\"container\">\n\t\t\t\t<div class=\"elementor-element elementor-element-9107036 elementor-widget elementor-widget-image\" data-id=\"9107036\" data-element_type=\"widget\" data-e-type=\"widget\" data-widget_type=\"image.default\">\n\t\t\t\t<div class=\"elementor-widget-container\">\n\t\t\t\t\t\t\t\t\t\t\t\t\t\t\t<img decoding=\"async\" width=\"640\" height=\"516\" src=\"https:\/\/a-art.es\/wp-content\/uploads\/2025\/11\/MA3-Almacen-2-1024x825.jpg\" class=\"attachment-large size-large wp-image-2147\" alt=\"\" srcset=\"https:\/\/a-art.es\/wp-content\/uploads\/2025\/11\/MA3-Almacen-2-1024x825.jpg 1024w, https:\/\/a-art.es\/wp-content\/uploads\/2025\/11\/MA3-Almacen-2-300x242.jpg 300w, https:\/\/a-art.es\/wp-content\/uploads\/2025\/11\/MA3-Almacen-2-768x618.jpg 768w, https:\/\/a-art.es\/wp-content\/uploads\/2025\/11\/MA3-Almacen-2-1536x1237.jpg 1536w, https:\/\/a-art.es\/wp-content\/uploads\/2025\/11\/MA3-Almacen-2-2048x1649.jpg 2048w, https:\/\/a-art.es\/wp-content\/uploads\/2025\/11\/MA3-Almacen-2-15x12.jpg 15w, https:\/\/a-art.es\/wp-content\/uploads\/2025\/11\/MA3-Almacen-2-624x503.jpg 624w, https:\/\/a-art.es\/wp-content\/uploads\/2025\/11\/MA3-Almacen-2-600x483.jpg 600w\" sizes=\"(max-width: 640px) 100vw, 640px\" \/>\t\t\t\t\t\t\t\t\t\t\t\t\t\t\t<\/div>\n\t\t\t\t<\/div>\n\t\t\t\t<\/div>\n\t\t<div data-particle_enable=\"false\" data-particle-mobile-disabled=\"false\" class=\"elementor-element elementor-element-bc22ca6 e-con-full e-flex e-con e-child\" data-id=\"bc22ca6\" data-element_type=\"container\" data-e-type=\"container\">\n\t\t\t\t<div class=\"elementor-element elementor-element-50df332 elementor-widget elementor-widget-heading\" data-id=\"50df332\" data-element_type=\"widget\" data-e-type=\"widget\" data-widget_type=\"heading.default\">\n\t\t\t\t<div class=\"elementor-widget-container\">\n\t\t\t\t\t<h3 class=\"elementor-heading-title elementor-size-default\">Technical requirements<\/h3>\t\t\t\t<\/div>\n\t\t\t\t<\/div>\n\t\t\t\t<div class=\"elementor-element elementor-element-1bdcdd3 elementor-widget elementor-widget-text-editor\" data-id=\"1bdcdd3\" data-element_type=\"widget\" data-e-type=\"widget\" data-widget_type=\"text-editor.default\">\n\t\t\t\t<div class=\"elementor-widget-container\">\n\t\t\t\t\t<div class=\"bb-theme-elementor-wrap bb-elementor-custom-family bb-elementor-custom-size\">\t\t\t\t<p>Since we will be practicing with the GrandMA3 software (on PC) during the sessions, students will need at least two monitors available for this course. One monitor to follow the session and another to practice with the GrandMA software. If you have a GrandMA3 console available, you can practice directly on it. Otherwise, you can download the GrandMA3 onPC software for free from the official MA website and install it on a PC or Mac computer.<\/p><p>We use Microsoft Teams to create the sessions. A good internet connection is required to connect. We recommend having at least a 15-inch screen dedicated to the session and another for the MA3 software. Also, try Teams (the free version or via a browser) well in advance so you can take the necessary steps if it doesn&#039;t work the first time.<\/p>\t\t\t\t<\/div>\t\t\t\t<\/div>\n\t\t\t\t<\/div>\n\t\t\t\t<\/div>\n\t\t\t\t<\/div>\n\t\t\t\t<div class=\"elementor-element elementor-element-c67924a elementor-widget elementor-widget-heading\" data-id=\"c67924a\" data-element_type=\"widget\" data-e-type=\"widget\" data-widget_type=\"heading.default\">\n\t\t\t\t<div class=\"elementor-widget-container\">\n\t\t\t\t\t<h3 class=\"elementor-heading-title elementor-size-default\">Prior knowledge<\/h3>\t\t\t\t<\/div>\n\t\t\t\t<\/div>\n\t\t\t\t<div class=\"elementor-element elementor-element-9290ab2 elementor-widget__width-initial elementor-widget elementor-widget-text-editor\" data-id=\"9290ab2\" data-element_type=\"widget\" data-e-type=\"widget\" data-widget_type=\"text-editor.default\">\n\t\t\t\t<div class=\"elementor-widget-container\">\n\t\t\t\t\t<div class=\"bb-theme-elementor-wrap bb-elementor-custom-size\">\t\t\t\t<p>No prior knowledge of the console is required to take this course. However, a basic understanding of lighting equipment and installation is necessary. Students should be familiar with terms such as spotlight, channel, DMX, gobo, dimmer, RGB, and patch.<\/p><p>\u00a0<\/p>\t\t\t\t<\/div>\t\t\t\t<\/div>\n\t\t\t\t<\/div>\n\t\t\t\t<div class=\"elementor-element elementor-element-4558dd0 elementor-widget elementor-widget-heading\" data-id=\"4558dd0\" data-element_type=\"widget\" data-e-type=\"widget\" data-widget_type=\"heading.default\">\n\t\t\t\t<div class=\"elementor-widget-container\">\n\t\t\t\t\t<h3 class=\"elementor-heading-title elementor-size-default\">Course organization<\/h3>\t\t\t\t<\/div>\n\t\t\t\t<\/div>\n\t\t\t\t<div class=\"elementor-element elementor-element-bfbaea4 elementor-widget__width-initial elementor-widget elementor-widget-text-editor\" data-id=\"bfbaea4\" data-element_type=\"widget\" data-e-type=\"widget\" data-widget_type=\"text-editor.default\">\n\t\t\t\t<div class=\"elementor-widget-container\">\n\t\t\t\t\t<div class=\"bb-theme-elementor-wrap bb-elementor-custom-size\">\t\t\t\t<p>The course consists of 5 sessions via Microsoft Teams, each lasting 3 hours with a half-hour break. All sessions are held from 5:00 PM to 8:30 PM Madrid time. This corresponds to different morning times in the Americas, depending on the location. Each session will be recorded and made available to students for one month so they can review details or catch up on any missed sessions.<\/p><div><br><\/div><div><br><\/div>\t\t\t\t<\/div>\t\t\t\t<\/div>\n\t\t\t\t<\/div>\n\t\t\t\t<div class=\"elementor-element elementor-element-d3e3387 elementor-widget elementor-widget-heading\" data-id=\"d3e3387\" data-element_type=\"widget\" data-e-type=\"widget\" data-widget_type=\"heading.default\">\n\t\t\t\t<div class=\"elementor-widget-container\">\n\t\t\t\t\t<h3 class=\"elementor-heading-title elementor-size-default\">Conditions<\/h3>\t\t\t\t<\/div>\n\t\t\t\t<\/div>\n\t\t\t\t<div class=\"elementor-element elementor-element-f29c0ae elementor-widget elementor-widget-text-editor\" data-id=\"f29c0ae\" data-element_type=\"widget\" data-e-type=\"widget\" data-widget_type=\"text-editor.default\">\n\t\t\t\t<div class=\"elementor-widget-container\">\n\t\t\t\t\t<div class=\"bb-theme-elementor-wrap bb-elementor-custom-family\">\t\t\t\t<p>We reserve the right to cancel the course (with a refund of the amount paid) in the event of:<\/p><ul><li>Not reaching the minimum of 6 students per course<\/li><li>Illness or disability of the teacher.<\/li><li>Impossibility due to live work.<\/li><\/ul>\t\t\t\t<\/div>\t\t\t\t<\/div>\n\t\t\t\t<\/div>\n\t\t<div data-particle_enable=\"false\" data-particle-mobile-disabled=\"false\" class=\"elementor-element elementor-element-c1889e9 e-con-full e-flex e-con e-child\" data-id=\"c1889e9\" data-element_type=\"container\" data-e-type=\"container\">\n\t\t<a data-particle_enable=\"false\" data-particle-mobile-disabled=\"false\" class=\"elementor-element elementor-element-31d45b9 e-con-full e-flex e-con e-child\" data-id=\"31d45b9\" data-element_type=\"container\" data-e-type=\"container\" href=\"https:\/\/a-art.es\/en\/product\/ma3-basico\/\">\n\t\t\t\t<div class=\"elementor-element elementor-element-f91124b elementor-widget elementor-widget-heading\" data-id=\"f91124b\" data-element_type=\"widget\" data-e-type=\"widget\" data-widget_type=\"heading.default\">\n\t\t\t\t<div class=\"elementor-widget-container\">\n\t\t\t\t\t<h4 class=\"elementor-heading-title elementor-size-default\">\ud83c\uddea\ud83c\uddf8<\/h4>\t\t\t\t<\/div>\n\t\t\t\t<\/div>\n\t\t\t\t<div class=\"elementor-element elementor-element-4cf9d1c elementor-widget elementor-widget-heading\" data-id=\"4cf9d1c\" data-element_type=\"widget\" data-e-type=\"widget\" data-widget_type=\"heading.default\">\n\t\t\t\t<div class=\"elementor-widget-container\">\n\t\t\t\t\t<h4 class=\"elementor-heading-title elementor-size-default\">Buy GrandMA3 Basic in Spanish<\/h4>\t\t\t\t<\/div>\n\t\t\t\t<\/div>\n\t\t\t\t<div class=\"elementor-element elementor-element-b802a9b elementor-widget elementor-widget-heading\" data-id=\"b802a9b\" data-element_type=\"widget\" data-e-type=\"widget\" data-widget_type=\"heading.default\">\n\t\t\t\t<div class=\"elementor-widget-container\">\n\t\t\t\t\t<h4 class=\"elementor-heading-title elementor-size-default\">December 1-5, 2025<\/h4>\t\t\t\t<\/div>\n\t\t\t\t<\/div>\n\t\t\t\t<div class=\"elementor-element elementor-element-2bc70c2 elementor-widget elementor-widget-heading\" data-id=\"2bc70c2\" data-element_type=\"widget\" data-e-type=\"widget\" data-widget_type=\"heading.default\">\n\t\t\t\t<div class=\"elementor-widget-container\">\n\t\t\t\t\t<h4 class=\"elementor-heading-title elementor-size-default\">\u20ac 199<\/h4>\t\t\t\t<\/div>\n\t\t\t\t<\/div>\n\t\t\t\t<\/a>\n\t\t<a data-particle_enable=\"false\" data-particle-mobile-disabled=\"false\" class=\"elementor-element elementor-element-24eebfc e-flex e-con-boxed e-con e-child\" data-id=\"24eebfc\" data-element_type=\"container\" data-e-type=\"container\" href=\"https:\/\/a-art.es\/en\/product\/ma3-basic-en\/\">\n\t\t\t\t\t<div class=\"e-con-inner\">\n\t\t\t\t<div class=\"elementor-element elementor-element-bfbf719 elementor-widget elementor-widget-heading\" data-id=\"bfbf719\" data-element_type=\"widget\" data-e-type=\"widget\" data-widget_type=\"heading.default\">\n\t\t\t\t<div class=\"elementor-widget-container\">\n\t\t\t\t\t<h4 class=\"elementor-heading-title elementor-size-default\">\ud83c\uddec\ud83c\udde7<\/h4>\t\t\t\t<\/div>\n\t\t\t\t<\/div>\n\t\t\t\t<div class=\"elementor-element elementor-element-3c82d0c elementor-widget elementor-widget-heading\" data-id=\"3c82d0c\" data-element_type=\"widget\" data-e-type=\"widget\" data-widget_type=\"heading.default\">\n\t\t\t\t<div class=\"elementor-widget-container\">\n\t\t\t\t\t<h4 class=\"elementor-heading-title elementor-size-default\">Buy GrandMA3 Basic in English\n<\/h4>\t\t\t\t<\/div>\n\t\t\t\t<\/div>\n\t\t\t\t<div class=\"elementor-element elementor-element-4cc4b30 elementor-widget elementor-widget-heading\" data-id=\"4cc4b30\" data-element_type=\"widget\" data-e-type=\"widget\" data-widget_type=\"heading.default\">\n\t\t\t\t<div class=\"elementor-widget-container\">\n\t\t\t\t\t<h4 class=\"elementor-heading-title elementor-size-default\">November 17-21, 2025<\/h4>\t\t\t\t<\/div>\n\t\t\t\t<\/div>\n\t\t\t\t<div class=\"elementor-element elementor-element-b74191b elementor-widget elementor-widget-heading\" data-id=\"b74191b\" data-element_type=\"widget\" data-e-type=\"widget\" data-widget_type=\"heading.default\">\n\t\t\t\t<div class=\"elementor-widget-container\">\n\t\t\t\t\t<h4 class=\"elementor-heading-title elementor-size-default\">\u20ac 199<\/h4>\t\t\t\t<\/div>\n\t\t\t\t<\/div>\n\t\t\t\t\t<\/div>\n\t\t\t\t<\/a>\n\t\t\t\t<\/div>\n\t\t\t\t<\/div>\n\t\t\t\t\t<\/div>\n\t\t\t\t<\/div>\n\t\t\t\t<\/div>","protected":false},"excerpt":{"rendered":"<p>GrandMA3 B\u00e1sico Contenido del curso En este curso b\u00e1sico para el manejo de GrandMA3, crearemos un espect\u00e1culo juntos paso a paso. Tras explicar cada paso,&hellip;<\/p>","protected":false},"author":10,"featured_media":0,"parent":0,"menu_order":0,"comment_status":"closed","ping_status":"closed","template":"elementor_header_footer","meta":{"footnotes":""},"class_list":["post-1640","page","type-page","status-publish","hentry"],"_links":{"self":[{"href":"https:\/\/a-art.es\/en\/wp-json\/wp\/v2\/pages\/1640","targetHints":{"allow":["GET"]}}],"collection":[{"href":"https:\/\/a-art.es\/en\/wp-json\/wp\/v2\/pages"}],"about":[{"href":"https:\/\/a-art.es\/en\/wp-json\/wp\/v2\/types\/page"}],"author":[{"embeddable":true,"href":"https:\/\/a-art.es\/en\/wp-json\/wp\/v2\/users\/10"}],"replies":[{"embeddable":true,"href":"https:\/\/a-art.es\/en\/wp-json\/wp\/v2\/comments?post=1640"}],"version-history":[{"count":91,"href":"https:\/\/a-art.es\/en\/wp-json\/wp\/v2\/pages\/1640\/revisions"}],"predecessor-version":[{"id":2221,"href":"https:\/\/a-art.es\/en\/wp-json\/wp\/v2\/pages\/1640\/revisions\/2221"}],"wp:attachment":[{"href":"https:\/\/a-art.es\/en\/wp-json\/wp\/v2\/media?parent=1640"}],"curies":[{"name":"wp","href":"https:\/\/api.w.org\/{rel}","templated":true}]}}