{"id":15,"date":"2025-02-15T13:12:32","date_gmt":"2025-02-15T13:12:32","guid":{"rendered":"https:\/\/a-art.es\/?page_id=15"},"modified":"2026-04-02T11:03:32","modified_gmt":"2026-04-02T11:03:32","slug":"training","status":"publish","type":"page","link":"https:\/\/a-art.es\/en\/training\/","title":{"rendered":"Training"},"content":{"rendered":"<div data-elementor-type=\"wp-page\" data-elementor-id=\"15\" class=\"elementor elementor-15\" data-elementor-post-type=\"page\">\n\t\t\t\t<div data-particle_enable=\"false\" data-particle-mobile-disabled=\"false\" class=\"elementor-element elementor-element-0a9bb93 e-flex e-con-boxed e-con e-parent\" data-id=\"0a9bb93\" data-element_type=\"container\" data-e-type=\"container\" data-settings=\"{&quot;background_background&quot;:&quot;classic&quot;}\">\n\t\t\t\t\t<div class=\"e-con-inner\">\n\t\t\t\t<div class=\"elementor-element elementor-element-fa9d54a elementor-widget elementor-widget-heading\" data-id=\"fa9d54a\" data-element_type=\"widget\" data-e-type=\"widget\" data-widget_type=\"heading.default\">\n\t\t\t\t<div class=\"elementor-widget-container\">\n\t\t\t\t\t<h1 class=\"elementor-heading-title elementor-size-default\">Training<\/h1>\t\t\t\t<\/div>\n\t\t\t\t<\/div>\n\t\t<div data-particle_enable=\"false\" data-particle-mobile-disabled=\"false\" class=\"elementor-element elementor-element-cee1374 e-con-full e-flex e-con e-child\" data-id=\"cee1374\" data-element_type=\"container\" data-e-type=\"container\">\n\t\t<div data-particle_enable=\"false\" data-particle-mobile-disabled=\"false\" class=\"elementor-element elementor-element-3414c87 e-grid e-con-full e-con e-child\" data-id=\"3414c87\" data-element_type=\"container\" data-e-type=\"container\">\n\t\t<a data-particle_enable=\"false\" data-particle-mobile-disabled=\"false\" class=\"elementor-element elementor-element-92e66ba e-con-full e-flex e-con e-child\" data-id=\"92e66ba\" data-element_type=\"container\" data-e-type=\"container\" href=\"https:\/\/a-art.es\/en\/training-classroom\/\">\n\t\t\t\t<div class=\"elementor-element elementor-element-a1c5f21 elementor-widget elementor-widget-heading\" data-id=\"a1c5f21\" data-element_type=\"widget\" data-e-type=\"widget\" data-widget_type=\"heading.default\">\n\t\t\t\t<div class=\"elementor-widget-container\">\n\t\t\t\t\t<h3 class=\"elementor-heading-title elementor-size-default\">In person<\/h3>\t\t\t\t<\/div>\n\t\t\t\t<\/div>\n\t\t\t\t<div class=\"elementor-element elementor-element-3a3dd74 elementor-widget elementor-widget-text-editor\" data-id=\"3a3dd74\" data-element_type=\"widget\" data-e-type=\"widget\" data-widget_type=\"text-editor.default\">\n\t\t\t\t<div class=\"elementor-widget-container\">\n\t\t\t\t\t\t\t\t\t<p>In-person training is the most efficient way to maximize learning time. With an experienced instructor and real equipment, you can learn the subject matter thoroughly in a limited amount of time.<\/p>\t\t\t\t\t\t\t\t<\/div>\n\t\t\t\t<\/div>\n\t\t\t\t<\/a>\n\t\t<a data-particle_enable=\"false\" data-particle-mobile-disabled=\"false\" class=\"elementor-element elementor-element-404e0ed e-con-full e-flex e-con e-child\" data-id=\"404e0ed\" data-element_type=\"container\" data-e-type=\"container\" href=\"https:\/\/a-art.es\/en\/training-live\/\">\n\t\t\t\t<div class=\"elementor-element elementor-element-bf87ebd elementor-widget elementor-widget-heading\" data-id=\"bf87ebd\" data-element_type=\"widget\" data-e-type=\"widget\" data-widget_type=\"heading.default\">\n\t\t\t\t<div class=\"elementor-widget-container\">\n\t\t\t\t\t<h3 class=\"elementor-heading-title elementor-size-default\">Live<\/h3>\t\t\t\t<\/div>\n\t\t\t\t<\/div>\n\t\t\t\t<div class=\"elementor-element elementor-element-4aa846b elementor-widget elementor-widget-text-editor\" data-id=\"4aa846b\" data-element_type=\"widget\" data-e-type=\"widget\" data-widget_type=\"text-editor.default\">\n\t\t\t\t<div class=\"elementor-widget-container\">\n\t\t\t\t\t\t\t\t\t<p>To overcome geographical distances, we deliver the vast majority of our courses via videoconference. In small international groups, we explain the topics, providing ample opportunity to ask questions and delve deeper into the areas of the syllabus that interest you most.<\/p>\t\t\t\t\t\t\t\t<\/div>\n\t\t\t\t<\/div>\n\t\t\t\t<\/a>\n\t\t<a data-particle_enable=\"false\" data-particle-mobile-disabled=\"false\" class=\"elementor-element elementor-element-9951ae2 e-con-full e-flex e-con e-child\" data-id=\"9951ae2\" data-element_type=\"container\" data-e-type=\"container\" href=\"https:\/\/a-art.es\/en\/training-e-learning\/\">\n\t\t\t\t<div class=\"elementor-element elementor-element-63e6146 elementor-widget elementor-widget-heading\" data-id=\"63e6146\" data-element_type=\"widget\" data-e-type=\"widget\" data-widget_type=\"heading.default\">\n\t\t\t\t<div class=\"elementor-widget-container\">\n\t\t\t\t\t<h3 class=\"elementor-heading-title elementor-size-default\">At your own pace<\/h3>\t\t\t\t<\/div>\n\t\t\t\t<\/div>\n\t\t\t\t<div class=\"elementor-element elementor-element-b8f1c5a elementor-widget elementor-widget-text-editor\" data-id=\"b8f1c5a\" data-element_type=\"widget\" data-e-type=\"widget\" data-widget_type=\"text-editor.default\">\n\t\t\t\t<div class=\"elementor-widget-container\">\n\t\t\t\t\t\t\t\t\t<p>It&#039;s not always easy to find time to get the training you need. With our e-learning courses, you can complete them at your own pace, whenever it suits you. We compensate for the lack of a live instructor as much as possible with animations, exercises, and real-world examples.<\/p>\t\t\t\t\t\t\t\t<\/div>\n\t\t\t\t<\/div>\n\t\t\t\t<\/a>\n\t\t<a data-particle_enable=\"false\" data-particle-mobile-disabled=\"false\" class=\"elementor-element elementor-element-01f2a2f e-con-full e-flex e-con e-child\" data-id=\"01f2a2f\" data-element_type=\"container\" data-e-type=\"container\" href=\"https:\/\/a-art.es\/en\/training-personalized\/\">\n\t\t\t\t<div class=\"elementor-element elementor-element-0d27ec2 elementor-widget elementor-widget-heading\" data-id=\"0d27ec2\" data-element_type=\"widget\" data-e-type=\"widget\" data-widget_type=\"heading.default\">\n\t\t\t\t<div class=\"elementor-widget-container\">\n\t\t\t\t\t<h3 class=\"elementor-heading-title elementor-size-default\">Personalized<\/h3>\t\t\t\t<\/div>\n\t\t\t\t<\/div>\n\t\t\t\t<div class=\"elementor-element elementor-element-02f2c9d elementor-widget elementor-widget-text-editor\" data-id=\"02f2c9d\" data-element_type=\"widget\" data-e-type=\"widget\" data-widget_type=\"text-editor.default\">\n\t\t\t\t<div class=\"elementor-widget-container\">\n\t\t\t\t\t\t\t\t\t<p>If you don&#039;t find the training you&#039;re looking for in our program, or if you need a private course for yourself or your employees, we can create a customized course or offer Q&amp;A sessions covering the topics of all the courses in our program.<\/p>\t\t\t\t\t\t\t\t<\/div>\n\t\t\t\t<\/div>\n\t\t\t\t<\/a>\n\t\t\t\t<\/div>\n\t\t\t\t<\/div>\n\t\t<a data-particle_enable=\"false\" data-particle-mobile-disabled=\"false\" class=\"elementor-element elementor-element-47e62b7 e-con-full e-flex e-con e-child\" data-id=\"47e62b7\" data-element_type=\"container\" data-e-type=\"container\" data-settings=\"{&quot;background_background&quot;:&quot;classic&quot;}\" href=\"https:\/\/a-art.es\/en\/product\/ma3-curso-presencial-14-a-16-de-abril-santovenia-valladolid\/\">\n\t\t\t\t<div class=\"elementor-element elementor-element-d2dd800 elementor-widget elementor-widget-image\" data-id=\"d2dd800\" data-element_type=\"widget\" data-e-type=\"widget\" data-widget_type=\"image.default\">\n\t\t\t\t<div class=\"elementor-widget-container\">\n\t\t\t\t\t\t\t\t\t\t\t\t\t\t\t<img fetchpriority=\"high\" decoding=\"async\" width=\"640\" height=\"960\" src=\"https:\/\/a-art.es\/wp-content\/uploads\/2026\/03\/WhatsApp-Image-2026-03-30-at-19.39.57-683x1024.jpeg\" class=\"attachment-large size-large wp-image-2816\" alt=\"\" srcset=\"https:\/\/a-art.es\/wp-content\/uploads\/2026\/03\/WhatsApp-Image-2026-03-30-at-19.39.57-683x1024.jpeg 683w, https:\/\/a-art.es\/wp-content\/uploads\/2026\/03\/WhatsApp-Image-2026-03-30-at-19.39.57-200x300.jpeg 200w, https:\/\/a-art.es\/wp-content\/uploads\/2026\/03\/WhatsApp-Image-2026-03-30-at-19.39.57-768x1152.jpeg 768w, https:\/\/a-art.es\/wp-content\/uploads\/2026\/03\/WhatsApp-Image-2026-03-30-at-19.39.57-8x12.jpeg 8w, https:\/\/a-art.es\/wp-content\/uploads\/2026\/03\/WhatsApp-Image-2026-03-30-at-19.39.57-624x936.jpeg 624w, https:\/\/a-art.es\/wp-content\/uploads\/2026\/03\/WhatsApp-Image-2026-03-30-at-19.39.57-600x900.jpeg 600w, https:\/\/a-art.es\/wp-content\/uploads\/2026\/03\/WhatsApp-Image-2026-03-30-at-19.39.57.jpeg 1024w\" sizes=\"(max-width: 640px) 100vw, 640px\" \/>\t\t\t\t\t\t\t\t\t\t\t\t\t\t\t<\/div>\n\t\t\t\t<\/div>\n\t\t\t\t<\/a>\n\t\t<a data-particle_enable=\"false\" data-particle-mobile-disabled=\"false\" class=\"elementor-element elementor-element-492ddf7 e-con-full e-flex e-con e-child\" data-id=\"492ddf7\" data-element_type=\"container\" data-e-type=\"container\" href=\"https:\/\/a-art.es\/en\/product\/ma3-curso-presencial-listado\/\">\n\t\t\t\t<div class=\"elementor-element elementor-element-603252a elementor-widget elementor-widget-heading\" data-id=\"603252a\" data-element_type=\"widget\" data-e-type=\"widget\" data-widget_type=\"heading.default\">\n\t\t\t\t<div class=\"elementor-widget-container\">\n\t\t\t\t\t<h3 class=\"elementor-heading-title elementor-size-default\">Can&#039;t attend? Looking for training closer to you?<\/h3>\t\t\t\t<\/div>\n\t\t\t\t<\/div>\n\t\t\t\t<div class=\"elementor-element elementor-element-5c8e933 elementor-widget elementor-widget-text-editor\" data-id=\"5c8e933\" data-element_type=\"widget\" data-e-type=\"widget\" data-widget_type=\"text-editor.default\">\n\t\t\t\t<div class=\"elementor-widget-container\">\n\t\t\t\t\t\t\t\t\t<p>Click here to sign up for this course. We&#039;ll let you know when new dates are available. The more people who sign up, the sooner a new course will be offered.\u00a0<\/p>\t\t\t\t\t\t\t\t<\/div>\n\t\t\t\t<\/div>\n\t\t\t\t<\/a>\n\t\t\t\t\t<\/div>\n\t\t\t\t<\/div>\n\t\t\t\t<\/div>","protected":false},"excerpt":{"rendered":"<p>Formaci\u00f3n Presencial La formaci\u00f3n presencial es lo m\u00e1s eficiente por cada hora de clase. Con un instructor experimentado y equipo real se puede aprender la&hellip;<\/p>","protected":false},"author":1,"featured_media":0,"parent":0,"menu_order":0,"comment_status":"closed","ping_status":"closed","template":"elementor_header_footer","meta":{"footnotes":""},"class_list":["post-15","page","type-page","status-publish","hentry"],"_links":{"self":[{"href":"https:\/\/a-art.es\/en\/wp-json\/wp\/v2\/pages\/15","targetHints":{"allow":["GET"]}}],"collection":[{"href":"https:\/\/a-art.es\/en\/wp-json\/wp\/v2\/pages"}],"about":[{"href":"https:\/\/a-art.es\/en\/wp-json\/wp\/v2\/types\/page"}],"author":[{"embeddable":true,"href":"https:\/\/a-art.es\/en\/wp-json\/wp\/v2\/users\/1"}],"replies":[{"embeddable":true,"href":"https:\/\/a-art.es\/en\/wp-json\/wp\/v2\/comments?post=15"}],"version-history":[{"count":215,"href":"https:\/\/a-art.es\/en\/wp-json\/wp\/v2\/pages\/15\/revisions"}],"predecessor-version":[{"id":3069,"href":"https:\/\/a-art.es\/en\/wp-json\/wp\/v2\/pages\/15\/revisions\/3069"}],"wp:attachment":[{"href":"https:\/\/a-art.es\/en\/wp-json\/wp\/v2\/media?parent=15"}],"curies":[{"name":"wp","href":"https:\/\/api.w.org\/{rel}","templated":true}]}}