{"id":1433,"date":"2025-05-08T13:46:07","date_gmt":"2025-05-08T13:46:07","guid":{"rendered":"https:\/\/a-art.es\/?page_id=1433"},"modified":"2025-05-08T13:49:23","modified_gmt":"2025-05-08T13:49:23","slug":"politica-de-devoluciones-para-la-compra-de-plugins","status":"publish","type":"page","link":"https:\/\/a-art.es\/en\/politica-de-devoluciones-para-la-compra-de-plugins\/","title":{"rendered":"Return Policy for Plugin Purchases"},"content":{"rendered":"<div data-elementor-type=\"wp-page\" data-elementor-id=\"1433\" class=\"elementor elementor-1433\" data-elementor-post-type=\"page\">\n\t\t\t\t<div data-particle_enable=\"false\" data-particle-mobile-disabled=\"false\" class=\"elementor-element elementor-element-63af852a e-flex e-con-boxed e-con e-parent\" data-id=\"63af852a\" data-element_type=\"container\" data-e-type=\"container\" data-settings=\"{&quot;background_background&quot;:&quot;classic&quot;}\">\n\t\t\t\t\t<div class=\"e-con-inner\">\n\t\t<div data-particle_enable=\"false\" data-particle-mobile-disabled=\"false\" class=\"elementor-element elementor-element-2d9a3e3b e-con-full e-flex e-con e-child\" data-id=\"2d9a3e3b\" data-element_type=\"container\" data-e-type=\"container\">\n\t\t\t\t<div class=\"elementor-element elementor-element-38d379ac elementor-widget elementor-widget-heading\" data-id=\"38d379ac\" data-element_type=\"widget\" data-e-type=\"widget\" data-widget_type=\"heading.default\">\n\t\t\t\t<div class=\"elementor-widget-container\">\n\t\t\t\t\t<h1 class=\"elementor-heading-title elementor-size-default\">Return Policy for Plugin Purchases\n<\/h1>\t\t\t\t<\/div>\n\t\t\t\t<\/div>\n\t\t\t\t<\/div>\n\t\t\t\t\t<\/div>\n\t\t\t\t<\/div>\n\t\t<div data-particle_enable=\"false\" data-particle-mobile-disabled=\"false\" class=\"elementor-element elementor-element-532df3ce e-flex e-con-boxed e-con e-parent\" data-id=\"532df3ce\" data-element_type=\"container\" data-e-type=\"container\">\n\t\t\t\t\t<div class=\"e-con-inner\">\n\t\t\t\t<div class=\"elementor-element elementor-element-7f9b31a7 elementor-widget elementor-widget-text-editor\" data-id=\"7f9b31a7\" data-element_type=\"widget\" data-e-type=\"widget\" data-widget_type=\"text-editor.default\">\n\t\t\t\t<div class=\"elementor-widget-container\">\n\t\t\t\t\t\t\t\t\t<p><strong>Seller:<\/strong> Aart Verhoeven<br \/><strong>NIF:<\/strong> X4748364Z<br \/><strong>Address:<\/strong> Juan de Valladolid Street N21, 4F, 47014 Valladolid, Spain<br \/><strong>Contact email:<\/strong> aart@a-art.es<\/p><p><strong>Purpose of this policy<\/strong><br \/>This policy regulates the terms of withdrawal and return applicable to the purchase of digital plugins through our website, in accordance with European consumer protection regulations (Directive 2011\/83\/EU) and its transposition into Spanish law (General Law for the Protection of Consumers and Users).<\/p><p><strong>Nature of the product<\/strong><br \/>The plugins offered on this website are digital content not supplied on a physical medium. The execution of these content begins with the consumer&#039;s express consent and their acknowledgment of the loss of their right of withdrawal.<\/p><p><strong>Right of withdrawal<\/strong><br \/>According to article 103.m of the General Law for the Defense of Consumers and Users, the right of withdrawal will not apply to contracts for the supply of digital content (such as plugins) that are not provided on a physical medium when:<\/p><p>The execution has begun with the express prior consent of the consumer, and the consumer has acknowledged that, consequently, he loses his right of withdrawal.<br \/><br \/>Therefore, once the plugin has been downloaded or activated, returns or refunds will not be accepted, except in the following cases:<\/p><p><strong>Exceptions in which a refund is applicable<\/strong><br \/>A refund may be requested in the following cases:<br \/>\u2013 The plugin does not work as described and cannot be resolved after contacting support.<br \/>\u2013 The delivered file is damaged or incomplete.<br \/>\u2013 A duplicate charge has occurred due to a technical error.<br \/>\u2013 The user has not accessed the digital content and requests it within 14 calendar days of purchase.<\/p><p><strong>Procedure to request a refund<\/strong><br \/>To request a refund within the allowed exceptions, the customer must contact [add support email] indicating:<\/p><p><em>Full name<\/em><br \/><em>Order number and purchase date<\/em><br \/><em>Reason for the request<\/em><br \/><em>Screenshots or other relevant documentation (if applicable)<\/em><br \/><br \/>The seller will evaluate the request within a maximum of 7 business days. If accepted, the refund will be issued using the same payment method used for the purchase.<\/p><p><strong>Contact<\/strong><br \/>For any questions or complaints, please write to us at: aart@a-art.es<\/p>\t\t\t\t\t\t\t\t<\/div>\n\t\t\t\t<\/div>\n\t\t\t\t\t<\/div>\n\t\t\t\t<\/div>\n\t\t\t\t<\/div>","protected":false},"excerpt":{"rendered":"<p>Pol\u00edtica de Devoluciones para la Compra de Plugins Vendedor: Aart VerhoevenNIF: X4748364ZDirecci\u00f3n: Calle Juan de Valladolid N21, 4F, 47014 Valladolid, Espa\u00f1aCorreo electr\u00f3nico de contacto: aart@a-art.es&hellip;<\/p>","protected":false},"author":2,"featured_media":0,"parent":0,"menu_order":0,"comment_status":"closed","ping_status":"closed","template":"","meta":{"footnotes":""},"class_list":["post-1433","page","type-page","status-publish","hentry"],"_links":{"self":[{"href":"https:\/\/a-art.es\/en\/wp-json\/wp\/v2\/pages\/1433","targetHints":{"allow":["GET"]}}],"collection":[{"href":"https:\/\/a-art.es\/en\/wp-json\/wp\/v2\/pages"}],"about":[{"href":"https:\/\/a-art.es\/en\/wp-json\/wp\/v2\/types\/page"}],"author":[{"embeddable":true,"href":"https:\/\/a-art.es\/en\/wp-json\/wp\/v2\/users\/2"}],"replies":[{"embeddable":true,"href":"https:\/\/a-art.es\/en\/wp-json\/wp\/v2\/comments?post=1433"}],"version-history":[{"count":4,"href":"https:\/\/a-art.es\/en\/wp-json\/wp\/v2\/pages\/1433\/revisions"}],"predecessor-version":[{"id":1438,"href":"https:\/\/a-art.es\/en\/wp-json\/wp\/v2\/pages\/1433\/revisions\/1438"}],"wp:attachment":[{"href":"https:\/\/a-art.es\/en\/wp-json\/wp\/v2\/media?parent=1433"}],"curies":[{"name":"wp","href":"https:\/\/api.w.org\/{rel}","templated":true}]}}